{"id":4215,"date":"2022-03-30T10:18:31","date_gmt":"2022-03-30T10:18:31","guid":{"rendered":"https:\/\/iads.unilag.edu.ng\/lacc\/?page_id=4215"},"modified":"2022-04-05T09:37:48","modified_gmt":"2022-04-05T09:37:48","slug":"digitizing-folktales-speakers","status":"publish","type":"page","link":"https:\/\/iads.unilag.edu.ng\/amrc\/?page_id=4215","title":{"rendered":"Digitizing Folktales- SPEAKERS"},"content":{"rendered":"\t\t<div data-elementor-type=\"wp-page\" data-elementor-id=\"4215\" class=\"elementor elementor-4215\" data-elementor-settings=\"[]\">\n\t\t\t\t\t\t<div class=\"elementor-inner\">\n\t\t\t\t\t\t\t<div class=\"elementor-section-wrap\">\n\t\t\t\t\t\t\t<section class=\"elementor-section elementor-top-section elementor-element elementor-element-bf58337 elementor-section-boxed elementor-section-height-default elementor-section-height-default wpr-particle-no wpr-jarallax-no wpr-parallax-no wpr-sticky-section-no\" data-id=\"bf58337\" data-element_type=\"section\">\n\t\t\t\t\t\t<div class=\"elementor-container elementor-column-gap-default\">\n\t\t\t\t\t\t\t<div class=\"elementor-row\">\n\t\t\t\t\t<div class=\"elementor-column elementor-col-100 elementor-top-column elementor-element elementor-element-8afbbca\" data-id=\"8afbbca\" data-element_type=\"column\">\n\t\t\t<div class=\"elementor-column-wrap elementor-element-populated\">\n\t\t\t\t\t\t\t<div class=\"elementor-widget-wrap\">\n\t\t\t\t\t\t<div class=\"elementor-element elementor-element-48bc236 elementor-widget elementor-widget-heading\" data-id=\"48bc236\" data-element_type=\"widget\" data-widget_type=\"heading.default\">\n\t\t\t\t<div class=\"elementor-widget-container\">\n\t\t\t<h2 class=\"elementor-heading-title elementor-size-large\">KEYNOTE SPEAKER AND LEAD PAPER PRESENTER<\/h2>\t\t<\/div>\n\t\t\t\t<\/div>\n\t\t\t\t\t\t<\/div>\n\t\t\t\t\t<\/div>\n\t\t<\/div>\n\t\t\t\t\t\t\t\t<\/div>\n\t\t\t\t\t<\/div>\n\t\t<\/section>\n\t\t\t\t<section class=\"elementor-section elementor-top-section elementor-element elementor-element-2aa21fc elementor-section-boxed elementor-section-height-default elementor-section-height-default wpr-particle-no wpr-jarallax-no wpr-parallax-no wpr-sticky-section-no\" data-id=\"2aa21fc\" data-element_type=\"section\">\n\t\t\t\t\t\t<div class=\"elementor-container elementor-column-gap-default\">\n\t\t\t\t\t\t\t<div class=\"elementor-row\">\n\t\t\t\t\t<div class=\"elementor-column elementor-col-50 elementor-top-column elementor-element elementor-element-a2a5fb5\" data-id=\"a2a5fb5\" data-element_type=\"column\">\n\t\t\t<div class=\"elementor-column-wrap elementor-element-populated\">\n\t\t\t\t\t\t\t<div class=\"elementor-widget-wrap\">\n\t\t\t\t\t\t<div class=\"elementor-element elementor-element-f571483 elementor-widget elementor-widget-heading\" data-id=\"f571483\" data-element_type=\"widget\" data-widget_type=\"heading.default\">\n\t\t\t\t<div class=\"elementor-widget-container\">\n\t\t\t<h2 class=\"elementor-heading-title elementor-size-large\">KEYNOTE SPEAKER<\/h2>\t\t<\/div>\n\t\t\t\t<\/div>\n\t\t\t\t\t\t<\/div>\n\t\t\t\t\t<\/div>\n\t\t<\/div>\n\t\t\t\t<div class=\"elementor-column elementor-col-50 elementor-top-column elementor-element elementor-element-8e7d5ab\" data-id=\"8e7d5ab\" data-element_type=\"column\">\n\t\t\t<div class=\"elementor-column-wrap elementor-element-populated\">\n\t\t\t\t\t\t\t<div class=\"elementor-widget-wrap\">\n\t\t\t\t\t\t<div class=\"elementor-element elementor-element-bf5f128 elementor-widget elementor-widget-heading\" data-id=\"bf5f128\" data-element_type=\"widget\" data-widget_type=\"heading.default\">\n\t\t\t\t<div class=\"elementor-widget-container\">\n\t\t\t<h2 class=\"elementor-heading-title elementor-size-large\">LEAD PAPER PRESENTER<\/h2>\t\t<\/div>\n\t\t\t\t<\/div>\n\t\t\t\t\t\t<\/div>\n\t\t\t\t\t<\/div>\n\t\t<\/div>\n\t\t\t\t\t\t\t\t<\/div>\n\t\t\t\t\t<\/div>\n\t\t<\/section>\n\t\t\t\t<section class=\"elementor-section elementor-top-section elementor-element elementor-element-2d26837 elementor-section-boxed elementor-section-height-default elementor-section-height-default wpr-particle-no wpr-jarallax-no wpr-parallax-no wpr-sticky-section-no\" data-id=\"2d26837\" data-element_type=\"section\">\n\t\t\t\t\t\t<div class=\"elementor-container elementor-column-gap-default\">\n\t\t\t\t\t\t\t<div class=\"elementor-row\">\n\t\t\t\t\t<div class=\"elementor-column elementor-col-50 elementor-top-column elementor-element elementor-element-1636492\" data-id=\"1636492\" data-element_type=\"column\">\n\t\t\t<div class=\"elementor-column-wrap elementor-element-populated\">\n\t\t\t\t\t\t\t<div class=\"elementor-widget-wrap\">\n\t\t\t\t\t\t<section class=\"elementor-section elementor-inner-section elementor-element elementor-element-e5cd0bf elementor-section-boxed elementor-section-height-default elementor-section-height-default wpr-particle-no wpr-jarallax-no wpr-parallax-no wpr-sticky-section-no\" data-id=\"e5cd0bf\" data-element_type=\"section\">\n\t\t\t\t\t\t<div class=\"elementor-container elementor-column-gap-default\">\n\t\t\t\t\t\t\t<div class=\"elementor-row\">\n\t\t\t\t\t<div class=\"elementor-column elementor-col-50 elementor-inner-column elementor-element elementor-element-30a1907\" data-id=\"30a1907\" data-element_type=\"column\">\n\t\t\t<div class=\"elementor-column-wrap elementor-element-populated\">\n\t\t\t\t\t\t\t<div class=\"elementor-widget-wrap\">\n\t\t\t\t\t\t<div class=\"elementor-element elementor-element-b1740b7 elementor-widget elementor-widget-image\" data-id=\"b1740b7\" data-element_type=\"widget\" data-widget_type=\"image.default\">\n\t\t\t\t<div class=\"elementor-widget-container\">\n\t\t\t\t\t\t\t\t<div class=\"elementor-image\">\n\t\t\t\t\t\t\t\t\t<figure class=\"wp-caption\">\n\t\t\t\t\t\t\t\t\t\t<img width=\"300\" height=\"378\" src=\"https:\/\/iads.unilag.edu.ng\/amrc\/wp-content\/uploads\/2022\/03\/Prof.-Akoete-Amouzou.png\" class=\"attachment-large size-large\" alt=\"\" loading=\"lazy\" srcset=\"https:\/\/iads.unilag.edu.ng\/amrc\/wp-content\/uploads\/2022\/03\/Prof.-Akoete-Amouzou.png 300w, https:\/\/iads.unilag.edu.ng\/amrc\/wp-content\/uploads\/2022\/03\/Prof.-Akoete-Amouzou-238x300.png 238w\" sizes=\"(max-width: 300px) 100vw, 300px\" \/>\t\t\t\t\t\t\t\t\t\t\t<figcaption class=\"widget-image-caption wp-caption-text\">Prof. Akoete Amouzou<\/figcaption>\n\t\t\t\t\t\t\t\t\t\t<\/figure>\n\t\t\t\t\t\t\t\t<\/div>\n\t\t\t\t\t\t<\/div>\n\t\t\t\t<\/div>\n\t\t\t\t\t\t<\/div>\n\t\t\t\t\t<\/div>\n\t\t<\/div>\n\t\t\t\t<div class=\"elementor-column elementor-col-50 elementor-inner-column elementor-element elementor-element-a7e2af4\" data-id=\"a7e2af4\" data-element_type=\"column\">\n\t\t\t<div class=\"elementor-column-wrap elementor-element-populated\">\n\t\t\t\t\t\t\t<div class=\"elementor-widget-wrap\">\n\t\t\t\t\t\t<div class=\"elementor-element elementor-element-38ce130 elementor-widget elementor-widget-text-editor\" data-id=\"38ce130\" data-element_type=\"widget\" data-widget_type=\"text-editor.default\">\n\t\t\t\t<div class=\"elementor-widget-container\">\n\t\t\t\t\t\t\t\t<div class=\"elementor-text-editor elementor-clearfix\">\n\t\t\t\t<p>Ako\u00e9t\u00e9 Amouzou is Professor of African literature in English at Universit\u00e9 de Kara, Togo (West Africa). For more than 20 years now, he has been teaching African literature at the Department of English. Professor Amouzou has produced many research works on African literature in general. His areas of expertise are \u201cGender issues in African literature\u201d, \u201cLiterary theory and Criticism\u201d and African poetry which he teaches at Universit\u00e9 de Kara.<\/p>\t\t\t\t\t<\/div>\n\t\t\t\t\t\t<\/div>\n\t\t\t\t<\/div>\n\t\t\t\t\t\t<\/div>\n\t\t\t\t\t<\/div>\n\t\t<\/div>\n\t\t\t\t\t\t\t\t<\/div>\n\t\t\t\t\t<\/div>\n\t\t<\/section>\n\t\t\t\t\t\t<\/div>\n\t\t\t\t\t<\/div>\n\t\t<\/div>\n\t\t\t\t<div class=\"elementor-column elementor-col-50 elementor-top-column elementor-element elementor-element-2041d1c\" data-id=\"2041d1c\" data-element_type=\"column\">\n\t\t\t<div class=\"elementor-column-wrap elementor-element-populated\">\n\t\t\t\t\t\t\t<div class=\"elementor-widget-wrap\">\n\t\t\t\t\t\t<section class=\"elementor-section elementor-inner-section elementor-element elementor-element-a11c8a6 elementor-section-boxed elementor-section-height-default elementor-section-height-default wpr-particle-no wpr-jarallax-no wpr-parallax-no wpr-sticky-section-no\" data-id=\"a11c8a6\" data-element_type=\"section\">\n\t\t\t\t\t\t<div class=\"elementor-container elementor-column-gap-default\">\n\t\t\t\t\t\t\t<div class=\"elementor-row\">\n\t\t\t\t\t<div class=\"elementor-column elementor-col-50 elementor-inner-column elementor-element elementor-element-c337f6f\" data-id=\"c337f6f\" data-element_type=\"column\">\n\t\t\t<div class=\"elementor-column-wrap elementor-element-populated\">\n\t\t\t\t\t\t\t<div class=\"elementor-widget-wrap\">\n\t\t\t\t\t\t<div class=\"elementor-element elementor-element-72f9dbe elementor-widget elementor-widget-image\" data-id=\"72f9dbe\" data-element_type=\"widget\" data-widget_type=\"image.default\">\n\t\t\t\t<div class=\"elementor-widget-container\">\n\t\t\t\t\t\t\t\t<div class=\"elementor-image\">\n\t\t\t\t\t\t\t\t\t<figure class=\"wp-caption\">\n\t\t\t\t\t\t\t\t\t\t<img width=\"300\" height=\"385\" src=\"https:\/\/iads.unilag.edu.ng\/amrc\/wp-content\/uploads\/2022\/03\/Prof.-Oladele-Orimoogunje.jpg\" class=\"attachment-large size-large\" alt=\"\" loading=\"lazy\" srcset=\"https:\/\/iads.unilag.edu.ng\/amrc\/wp-content\/uploads\/2022\/03\/Prof.-Oladele-Orimoogunje.jpg 300w, https:\/\/iads.unilag.edu.ng\/amrc\/wp-content\/uploads\/2022\/03\/Prof.-Oladele-Orimoogunje-234x300.jpg 234w\" sizes=\"(max-width: 300px) 100vw, 300px\" \/>\t\t\t\t\t\t\t\t\t\t\t<figcaption class=\"widget-image-caption wp-caption-text\">Prof. Oladele Caleb Orimoogunje<\/figcaption>\n\t\t\t\t\t\t\t\t\t\t<\/figure>\n\t\t\t\t\t\t\t\t<\/div>\n\t\t\t\t\t\t<\/div>\n\t\t\t\t<\/div>\n\t\t\t\t\t\t<\/div>\n\t\t\t\t\t<\/div>\n\t\t<\/div>\n\t\t\t\t<div class=\"elementor-column elementor-col-50 elementor-inner-column elementor-element elementor-element-38c7725\" data-id=\"38c7725\" data-element_type=\"column\">\n\t\t\t<div class=\"elementor-column-wrap elementor-element-populated\">\n\t\t\t\t\t\t\t<div class=\"elementor-widget-wrap\">\n\t\t\t\t\t\t<div class=\"elementor-element elementor-element-392dd12 elementor-widget elementor-widget-text-editor\" data-id=\"392dd12\" data-element_type=\"widget\" data-widget_type=\"text-editor.default\">\n\t\t\t\t<div class=\"elementor-widget-container\">\n\t\t\t\t\t\t\t\t<div class=\"elementor-text-editor elementor-clearfix\">\n\t\t\t\t<p>O\u0323la\u0301de\u0301le\u0301 Caleb Ori\u0301mo\u0300o\u0300gu\u0300nje\u0301\u0323 is a professor of Yoruba Oral Literature and Verbal Arts in the Yor\u00f9b\u00e1 Indigenous Healthcare Delivery System. He was a recipient of the Ford Foundation Travel Grants, the University of Lagos Research Grant and the Tertiary Educational Trust Fund (TETFUND) grant. Prof. Orimoogunje lectures at the Department of Linguistics, African and Asian Studies, University of Lagos. Presently, he is the Director of the Institute of Continuing Education of the University of Lagos, Nigeria. He has published in both international and national journals and has participated in over thirty national and international conferences.<\/p>\t\t\t\t\t<\/div>\n\t\t\t\t\t\t<\/div>\n\t\t\t\t<\/div>\n\t\t\t\t\t\t<\/div>\n\t\t\t\t\t<\/div>\n\t\t<\/div>\n\t\t\t\t\t\t\t\t<\/div>\n\t\t\t\t\t<\/div>\n\t\t<\/section>\n\t\t\t\t\t\t<\/div>\n\t\t\t\t\t<\/div>\n\t\t<\/div>\n\t\t\t\t\t\t\t\t<\/div>\n\t\t\t\t\t<\/div>\n\t\t<\/section>\n\t\t\t\t\t\t<\/div>\n\t\t\t\t\t\t<\/div>\n\t\t\t\t\t<\/div>\n\t\t","protected":false},"excerpt":{"rendered":"<p>KEYNOTE SPEAKER AND LEAD PAPER PRESENTER KEYNOTE SPEAKER LEAD PAPER PRESENTER Prof. Akoete Amouzou Ako\u00e9t\u00e9 Amouzou is Professor of African literature in English at Universit\u00e9 de Kara, Togo (West Africa). For more than 20 years now, he has been teaching African literature at the Department of English. Professor Amouzou has produced many research works on African literature in general. His areas of expertise are \u201cGender issues in African literature\u201d, \u201cLiterary theory and Criticism\u201d and African poetry which he teaches at Universit\u00e9 de Kara. Prof. Oladele Caleb Orimoogunje O\u0323la\u0301de\u0301le\u0301 Caleb Ori\u0301mo\u0300o\u0300gu\u0300nje\u0301\u0323 is a professor of Yoruba Oral Literature and Verbal Arts in the Yor\u00f9b\u00e1 Indigenous Healthcare Delivery System. He was a recipient of the Ford Foundation Travel Grants, the University of Lagos Research Grant and the Tertiary Educational Trust Fund (TETFUND) grant. Prof. Orimoogunje lectures at the Department of Linguistics, African and Asian Studies, University of Lagos. Presently, he is the Director of the Institute of Continuing Education of the University of Lagos, Nigeria. He has published in both international and national journals and has participated in over thirty national and international conferences.<\/p>\n","protected":false},"author":1,"featured_media":0,"parent":0,"menu_order":0,"comment_status":"closed","ping_status":"closed","template":"","meta":[],"_links":{"self":[{"href":"https:\/\/iads.unilag.edu.ng\/amrc\/index.php?rest_route=\/wp\/v2\/pages\/4215"}],"collection":[{"href":"https:\/\/iads.unilag.edu.ng\/amrc\/index.php?rest_route=\/wp\/v2\/pages"}],"about":[{"href":"https:\/\/iads.unilag.edu.ng\/amrc\/index.php?rest_route=\/wp\/v2\/types\/page"}],"author":[{"embeddable":true,"href":"https:\/\/iads.unilag.edu.ng\/amrc\/index.php?rest_route=\/wp\/v2\/users\/1"}],"replies":[{"embeddable":true,"href":"https:\/\/iads.unilag.edu.ng\/amrc\/index.php?rest_route=%2Fwp%2Fv2%2Fcomments&post=4215"}],"version-history":[{"count":8,"href":"https:\/\/iads.unilag.edu.ng\/amrc\/index.php?rest_route=\/wp\/v2\/pages\/4215\/revisions"}],"predecessor-version":[{"id":4310,"href":"https:\/\/iads.unilag.edu.ng\/amrc\/index.php?rest_route=\/wp\/v2\/pages\/4215\/revisions\/4310"}],"wp:attachment":[{"href":"https:\/\/iads.unilag.edu.ng\/amrc\/index.php?rest_route=%2Fwp%2Fv2%2Fmedia&parent=4215"}],"curies":[{"name":"wp","href":"https:\/\/api.w.org\/{rel}","templated":true}]}}